{"id":411,"date":"2022-02-22T21:56:18","date_gmt":"2022-02-22T20:56:18","guid":{"rendered":"https:\/\/test.slickhaven.com\/?page_id=411"},"modified":"2025-03-27T17:56:20","modified_gmt":"2025-03-27T16:56:20","slug":"privacy-policy","status":"publish","type":"page","link":"https:\/\/slickhaven.com\/en\/privacy-policy\/","title":{"rendered":"Privacy policy"},"content":{"rendered":"<p class=\"p1\">1. This Privacy Policy defines the rules of processing personal data and cookies obtained on the website belonging to the company Slickhaven s.c. &#8211; address of the main place of business: ul. Lakowa 29, 31-443 Krak\u00f3w, Poland VAT: PL6762578278, REGON: 385596980 (hereinafter referred to as the Company), being under the main domain http:\/\/slickhaven.com (hereinafter referred to as the &#8220;Website&#8221;) for the purpose of submitting an enquiry, product enquiry or any other enquiry submitted via a form located on the Website.The administrator of your personal data is Slickhaven s.c. &#8211; address of the main place of business:<span class=\"Apple-converted-space\">\u00a0 <\/span>ul. Lakowa 29, 31-443 Krak\u00f3w, Poland VAT: PL6762578278, REGON: 385596980 (hereinafter referred to as the &#8220;Administrator&#8221;).<\/p>\n<p class=\"p1\">2. You can contact the Administrator by e-mail: contact@slickhaven.com or by calling the number: +48606221280.<\/p>\n<p class=\"p1\">3. The legal basis for the processing of your data is the wish to conclude a cooperation between you and the Administrator (hereinafter referred to as the &#8220;Agreement&#8221;) or to learn more about the Company&#8217;s offer. Providing the data indicated in the application form is voluntary, but necessary if you are interested in the Company&#8217;s offer.<\/p>\n<p class=\"p1\">4. Due to your enquiry, the Administrator will process personal data:<\/p>\n<p class=\"p1\">a) name and surname, company name<\/p>\n<p class=\"p1\">b) address (street, postal code, city)<\/p>\n<p class=\"p1\">c) telephone number,<\/p>\n<p class=\"p1\">d) e-mail address.<\/p>\n<p class=\"p1\">5. The Administrator will take particular care to protect the interests of persons to whom the data relate, and in particular to ensure that the data collected by Administrator are<\/p>\n<p class=\"p1\">a) processed lawfully,<\/p>\n<p class=\"p1\">b) collected for specified, legitimate purposes and not subject to further processing incompatible with those purposes,<\/p>\n<p class=\"p1\">c) substantively correct and adequate in relation to the purposes for which they are processed and stored in a form which allows identification of the persons concerned for no longer than it is necessary to achieve the purpose of the processing.<\/p>\n<p class=\"p1\">6. The Administrator will share your data with the following recipients:<\/p>\n<p class=\"p1\">a) in case of the need to sign a contract, the need to send correspondence, to send products, the Administrator will make your personal data available to postal and courier service providers<\/p>\n<p class=\"p1\">b) Moreover, your personal data may be transferred to such categories of recipients as entities providing legal, marketing, IT and accounting services.<\/p>\n<p class=\"p1\">7. You have full rights to:<\/p>\n<p class=\"p1\">a) access to the content of your personal data &#8211; to receive confirmation as to whether your data are processed by the Administrator and in what way,<\/p>\n<p class=\"p1\">b) to correct your personal data if they are outdated or inaccurate, and to supplement them if they are incomplete,<\/p>\n<p class=\"p1\">c) have your personal data erased,<\/p>\n<p class=\"p1\">d) to transfer your data<\/p>\n<p class=\"p1\">e) to restrict processing,<\/p>\n<p class=\"p1\">f) to object to the processing of your personal data<\/p>\n<p class=\"p1\">g) where processing is based on your consent, withdraw your consent at any time without affecting the lawfulness of the processing performed on the basis of your consent prior to its withdrawal. To do so, contact the Administrator.<\/p>\n<p class=\"p1\">h) to file a complaint with the supervisory authority if the way in which your personal data are processed violates the provisions of the GDPR.<\/p>\n<p class=\"p1\">8. Your personal data will be processed for the time necessary to provide you with the cooperation adequate to your requirements, as well as later until the expiry of the period of limitation of possible claims related to the execution of the Agreement, and in the case of providing marketing consent &#8211; until its withdrawal.<\/p>\n<p class=\"p1\">9. We do not transfer your data to a third country or to international organisations. The Administrator will not make any automated decisions regarding you based on your personal data, including decisions resulting from profiling<\/p>\n<p class=\"p1\">10. The Administrator shall apply technical and organisational procedures which ensure the protection of personal data processed in accordance with the risks and categories of data protected, and in particular it shall protect the data against their disclosure to unauthorised persons, removal by an unauthorised person, processing in violation of the applicable legislation, change, loss, damage or destruction.<\/p>\n<p class=\"p1\">11. Some areas of websites owned by the Administrator may use cookies, which are small text files sent to a user&#8217;s computer to identify it in a way necessary to simplify or enable a given operation. Cookies are harmless to the computer and the user and his\/her data. The condition of cookies functioning is their acceptance by the browser and not deleting them from the hard drive. You can also disable their functioning in the browser settings, which may restrict or prevent the use of certain parts of the website. We use cookies for statistical purposes, to authorise users on our websites, to adjust the appearance of our websites to the user&#8217;s preferences and browsing history, and for other marketing purposes. Cookies may contain personal data about you, although in most cases this will be just your email address. This information is only available to you and to our websites.<\/p>\n","protected":false},"excerpt":{"rendered":"<p>1. This Privacy Policy defines the rules of processing personal data and cookies obtained on the website belonging to the company Slickhaven s.c. &#8211; address of the main place of business: ul. Lakowa 29, 31-443 Krak\u00f3w, Poland VAT: PL6762578278, REGON: 385596980 (hereinafter referred to as the Company), being under the main domain http:\/\/slickhaven.com (hereinafter referred [&hellip;]<\/p>\n","protected":false},"author":1,"featured_media":0,"parent":0,"menu_order":0,"comment_status":"closed","ping_status":"closed","template":"","meta":{"_acf_changed":false,"footnotes":""},"class_list":["post-411","page","type-page","status-publish","hentry"],"acf":[],"yoast_head":"<!-- This site is optimized with the Yoast SEO plugin v24.5 - https:\/\/yoast.com\/wordpress\/plugins\/seo\/ -->\n<title>Privacy policy - Slickhaven<\/title>\n<meta name=\"robots\" content=\"index, follow, max-snippet:-1, max-image-preview:large, max-video-preview:-1\" \/>\n<link rel=\"canonical\" href=\"https:\/\/slickhaven.com\/en\/privacy-policy\/\" \/>\n<meta property=\"og:locale\" content=\"en_US\" \/>\n<meta property=\"og:type\" content=\"article\" \/>\n<meta property=\"og:title\" content=\"Privacy policy - Slickhaven\" \/>\n<meta property=\"og:description\" content=\"1. This Privacy Policy defines the rules of processing personal data and cookies obtained on the website belonging to the company Slickhaven s.c. &#8211; address of the main place of business: ul. Lakowa 29, 31-443 Krak\u00f3w, Poland VAT: PL6762578278, REGON: 385596980 (hereinafter referred to as the Company), being under the main domain http:\/\/slickhaven.com (hereinafter referred [&hellip;]\" \/>\n<meta property=\"og:url\" content=\"https:\/\/slickhaven.com\/en\/privacy-policy\/\" \/>\n<meta property=\"og:site_name\" content=\"Slickhaven\" \/>\n<meta property=\"article:modified_time\" content=\"2025-03-27T16:56:20+00:00\" \/>\n<meta name=\"twitter:card\" content=\"summary_large_image\" \/>\n<meta name=\"twitter:label1\" content=\"Est. reading time\" \/>\n\t<meta name=\"twitter:data1\" content=\"5 minutes\" \/>\n<script type=\"application\/ld+json\" class=\"yoast-schema-graph\">{\"@context\":\"https:\/\/schema.org\",\"@graph\":[{\"@type\":\"WebPage\",\"@id\":\"https:\/\/slickhaven.com\/en\/privacy-policy\/\",\"url\":\"https:\/\/slickhaven.com\/en\/privacy-policy\/\",\"name\":\"Privacy policy - Slickhaven\",\"isPartOf\":{\"@id\":\"https:\/\/slickhaven.com\/#website\"},\"datePublished\":\"2022-02-22T20:56:18+00:00\",\"dateModified\":\"2025-03-27T16:56:20+00:00\",\"inLanguage\":\"en-US\",\"potentialAction\":[{\"@type\":\"ReadAction\",\"target\":[\"https:\/\/slickhaven.com\/en\/privacy-policy\/\"]}]},{\"@type\":\"WebSite\",\"@id\":\"https:\/\/slickhaven.com\/#website\",\"url\":\"https:\/\/slickhaven.com\/\",\"name\":\"Slickhaven\",\"description\":\"Producent kosmetyk\u00f3w dla m\u0119\u017cczyzn\",\"potentialAction\":[{\"@type\":\"SearchAction\",\"target\":{\"@type\":\"EntryPoint\",\"urlTemplate\":\"https:\/\/slickhaven.com\/?s={search_term_string}\"},\"query-input\":{\"@type\":\"PropertyValueSpecification\",\"valueRequired\":true,\"valueName\":\"search_term_string\"}}],\"inLanguage\":\"en-US\"}]}<\/script>\n<!-- \/ Yoast SEO plugin. -->","yoast_head_json":{"title":"Privacy policy - Slickhaven","robots":{"index":"index","follow":"follow","max-snippet":"max-snippet:-1","max-image-preview":"max-image-preview:large","max-video-preview":"max-video-preview:-1"},"canonical":"https:\/\/slickhaven.com\/en\/privacy-policy\/","og_locale":"en_US","og_type":"article","og_title":"Privacy policy - Slickhaven","og_description":"1. This Privacy Policy defines the rules of processing personal data and cookies obtained on the website belonging to the company Slickhaven s.c. &#8211; address of the main place of business: ul. Lakowa 29, 31-443 Krak\u00f3w, Poland VAT: PL6762578278, REGON: 385596980 (hereinafter referred to as the Company), being under the main domain http:\/\/slickhaven.com (hereinafter referred [&hellip;]","og_url":"https:\/\/slickhaven.com\/en\/privacy-policy\/","og_site_name":"Slickhaven","article_modified_time":"2025-03-27T16:56:20+00:00","twitter_card":"summary_large_image","twitter_misc":{"Est. reading time":"5 minutes"},"schema":{"@context":"https:\/\/schema.org","@graph":[{"@type":"WebPage","@id":"https:\/\/slickhaven.com\/en\/privacy-policy\/","url":"https:\/\/slickhaven.com\/en\/privacy-policy\/","name":"Privacy policy - Slickhaven","isPartOf":{"@id":"https:\/\/slickhaven.com\/#website"},"datePublished":"2022-02-22T20:56:18+00:00","dateModified":"2025-03-27T16:56:20+00:00","inLanguage":"en-US","potentialAction":[{"@type":"ReadAction","target":["https:\/\/slickhaven.com\/en\/privacy-policy\/"]}]},{"@type":"WebSite","@id":"https:\/\/slickhaven.com\/#website","url":"https:\/\/slickhaven.com\/","name":"Slickhaven","description":"Producent kosmetyk\u00f3w dla m\u0119\u017cczyzn","potentialAction":[{"@type":"SearchAction","target":{"@type":"EntryPoint","urlTemplate":"https:\/\/slickhaven.com\/?s={search_term_string}"},"query-input":{"@type":"PropertyValueSpecification","valueRequired":true,"valueName":"search_term_string"}}],"inLanguage":"en-US"}]}},"_links":{"self":[{"href":"https:\/\/slickhaven.com\/en\/wp-json\/wp\/v2\/pages\/411","targetHints":{"allow":["GET"]}}],"collection":[{"href":"https:\/\/slickhaven.com\/en\/wp-json\/wp\/v2\/pages"}],"about":[{"href":"https:\/\/slickhaven.com\/en\/wp-json\/wp\/v2\/types\/page"}],"author":[{"embeddable":true,"href":"https:\/\/slickhaven.com\/en\/wp-json\/wp\/v2\/users\/1"}],"replies":[{"embeddable":true,"href":"https:\/\/slickhaven.com\/en\/wp-json\/wp\/v2\/comments?post=411"}],"version-history":[{"count":1,"href":"https:\/\/slickhaven.com\/en\/wp-json\/wp\/v2\/pages\/411\/revisions"}],"predecessor-version":[{"id":412,"href":"https:\/\/slickhaven.com\/en\/wp-json\/wp\/v2\/pages\/411\/revisions\/412"}],"wp:attachment":[{"href":"https:\/\/slickhaven.com\/en\/wp-json\/wp\/v2\/media?parent=411"}],"curies":[{"name":"wp","href":"https:\/\/api.w.org\/{rel}","templated":true}]}}