{"id":1869,"date":"2025-01-30T12:10:20","date_gmt":"2025-01-30T11:10:20","guid":{"rendered":"http:\/\/tmp.slickhaven.com\/produkt\/slickhaven-scarecrow-with-a-beard-brush-grift-set\/"},"modified":"2025-02-27T14:04:35","modified_gmt":"2025-02-27T13:04:35","slug":"slickhaven-scarecrow-with-a-beard-brush-grift-set","status":"publish","type":"product","link":"https:\/\/slickhaven.com\/en\/produkt\/slickhaven-scarecrow-with-a-beard-brush-grift-set\/","title":{"rendered":"<b>Slickhaven Scarecrow with a beard brush<\/b><br>gift set"},"content":{"rendered":"<p>Scarecrow with a Beard Brush gift set is a perfect gift for a bearded man. Scarecrow balm, with a fresh scent of hay, juniper, and birch, nourishes the beard and skin, providing a natural look without a greasy feel. Paired with the brush, it&#8217;s a reliable duo for daily grooming.<\/p>\n<h3><strong>Set includes<\/strong><\/h3>\n<p>Beard Balm Scarecrow 60 ml<br \/>\nBeard Brush<\/p>\n<p>A beard brush with a size of 9 cm x 5 cm. It is made of <strong>hard natural boar bristle <\/strong>and <strong>eco friendly beech wood <\/strong>with FSC certification in dark walnut color. <strong>Our brushes are crafted entirely by hand in Poland.<\/strong><\/p>\n<p>Thanks to the carefully selected size and the highest quality materials, the Slickhaven beard brush is an indispensable accessory for every beardsman. It helps to maintain a healthy and clean beard.<\/p>\n<p>Brushing the beard helps remove dead skin cells accumulated beneath the beard, cleanses the hair, and stimulates blood circulation, which positively affects beard growth.<\/p>\n<p><strong>Scarecrow<\/strong>, drawing fully from nature, provides your beard and the skin beneath it <strong>excellent care, without leaving a greasy feeling.<\/strong> A blend of 4 plant-based waxes ensures proper <strong>control over unruly hairs<\/strong>, while ingredients like oat oil and illipe butter provide a true <strong>vitamin boost for your beard<\/strong>. The styled beard remains soft and pliable, yet retains the desired shape. Scarecrow hates drought, which is why it will make sure your hair doesn\u2019t lose moisture and lose it&#8217;s great condition.<\/p>\n<h3><strong>Scarecrow&#8217;s fragrance structure:<\/strong><\/h3>\n<div class=\"product__struct\">\n<p><img loading=\"lazy\" decoding=\"async\" class=\"alignnone size-full wp-image-156\" src=\"https:\/\/slickhaven.com\/wp-content\/uploads\/\" alt=\"\" width=\"30\" height=\"30\"> Top: Pink pepper, Juniper, Clary sage<\/p>\n<p><picture><source srcset=\"https:\/\/slickhaven.com\/wp-content\/uploads\/2020\/07\/srodek.webp\" type=\"image\/webp\"><img loading=\"lazy\" decoding=\"async\" class=\"alignnone size-medium wp-image-155 webpexpress-processed\" src=\"https:\/\/slickhaven.com\/wp-content\/uploads\/2020\/07\/srodek.png\" alt=\"\" width=\"30\" height=\"30\"><\/picture> Middle: Hay, Fenugreek, Iris<\/p>\n<p><picture><source srcset=\"https:\/\/slickhaven.com\/wp-content\/uploads\/2020\/09\/baza.webp\" type=\"image\/webp\"><img loading=\"lazy\" decoding=\"async\" class=\"alignnone size-full wp-image-157 webpexpress-processed\" src=\"https:\/\/slickhaven.com\/wp-content\/uploads\/2020\/09\/baza.png\" alt=\"\" width=\"30\" height=\"30\"><\/picture> Base: Tonka, Birch, Vetiver, Amber<\/p>\n<h3><strong>Main characteristics:<\/strong><\/h3>\n<\/div>\n<div>\n<ul>\n<li>Helps to keep unruly beards under control<\/li>\n<li>Vitamin bomb for beard and skin<\/li>\n<li>Maintains optimum moisture levels<\/li>\n<\/ul>\n<\/div>\n","protected":false},"excerpt":{"rendered":"<p>Scarecrow with a Beard Brush gift set is a perfect gift for a bearded man. Scarecrow balm, with a fresh scent of hay, juniper, and birch, nourishes the beard and skin, providing a natural look without a greasy feel. Paired with the brush, it&#8217;s a reliable duo for daily grooming. Set includes Beard Balm Scarecrow [&hellip;]<\/p>\n","protected":false},"featured_media":1862,"comment_status":"open","ping_status":"closed","template":"","meta":{"_acf_changed":false},"product_brand":[],"product_cat":[117],"product_tag":[],"class_list":{"0":"post-1869","1":"product","2":"type-product","3":"status-publish","4":"has-post-thumbnail","6":"product_cat-sets","8":"first","9":"outofstock","10":"sale","11":"shipping-taxable","12":"purchasable","13":"product-type-simple"},"acf":[],"yoast_head":"<!-- This site is optimized with the Yoast SEO plugin v24.5 - https:\/\/yoast.com\/wordpress\/plugins\/seo\/ -->\n<title>Slickhaven Scarecrow with a beard brushgift set - Slickhaven<\/title>\n<meta name=\"robots\" content=\"index, follow, max-snippet:-1, max-image-preview:large, max-video-preview:-1\" \/>\n<link rel=\"canonical\" href=\"https:\/\/slickhaven.com\/en\/produkt\/slickhaven-scarecrow-with-a-beard-brush-grift-set\/\" \/>\n<meta property=\"og:locale\" content=\"en_US\" \/>\n<meta property=\"og:type\" content=\"article\" \/>\n<meta property=\"og:title\" content=\"Slickhaven Scarecrow with a beard brushgift set - Slickhaven\" \/>\n<meta property=\"og:description\" content=\"Scarecrow with a Beard Brush gift set is a perfect gift for a bearded man. Scarecrow balm, with a fresh scent of hay, juniper, and birch, nourishes the beard and skin, providing a natural look without a greasy feel. Paired with the brush, it&#8217;s a reliable duo for daily grooming. Set includes Beard Balm Scarecrow [&hellip;]\" \/>\n<meta property=\"og:url\" content=\"https:\/\/slickhaven.com\/en\/produkt\/slickhaven-scarecrow-with-a-beard-brush-grift-set\/\" \/>\n<meta property=\"og:site_name\" content=\"Slickhaven\" \/>\n<meta property=\"article:modified_time\" content=\"2025-02-27T13:04:35+00:00\" \/>\n<meta property=\"og:image\" content=\"https:\/\/slickhaven.com\/wp-content\/uploads\/2025\/01\/16.png\" \/>\n\t<meta property=\"og:image:width\" content=\"1080\" \/>\n\t<meta property=\"og:image:height\" content=\"1080\" \/>\n\t<meta property=\"og:image:type\" content=\"image\/png\" \/>\n<meta name=\"twitter:card\" content=\"summary_large_image\" \/>\n<meta name=\"twitter:label1\" content=\"Est. reading time\" \/>\n\t<meta name=\"twitter:data1\" content=\"3 minutes\" \/>\n<script type=\"application\/ld+json\" class=\"yoast-schema-graph\">{\"@context\":\"https:\/\/schema.org\",\"@graph\":[{\"@type\":\"WebPage\",\"@id\":\"https:\/\/slickhaven.com\/en\/produkt\/slickhaven-scarecrow-with-a-beard-brush-grift-set\/\",\"url\":\"https:\/\/slickhaven.com\/en\/produkt\/slickhaven-scarecrow-with-a-beard-brush-grift-set\/\",\"name\":\"Slickhaven Scarecrow with a beard brush gift set - Slickhaven\",\"isPartOf\":{\"@id\":\"https:\/\/slickhaven.com\/#website\"},\"primaryImageOfPage\":{\"@id\":\"https:\/\/slickhaven.com\/en\/produkt\/slickhaven-scarecrow-with-a-beard-brush-grift-set\/#primaryimage\"},\"image\":{\"@id\":\"https:\/\/slickhaven.com\/en\/produkt\/slickhaven-scarecrow-with-a-beard-brush-grift-set\/#primaryimage\"},\"thumbnailUrl\":\"https:\/\/slickhaven.com\/wp-content\/uploads\/2025\/01\/16.png\",\"datePublished\":\"2025-01-30T11:10:20+00:00\",\"dateModified\":\"2025-02-27T13:04:35+00:00\",\"breadcrumb\":{\"@id\":\"https:\/\/slickhaven.com\/en\/produkt\/slickhaven-scarecrow-with-a-beard-brush-grift-set\/#breadcrumb\"},\"inLanguage\":\"en-US\",\"potentialAction\":[{\"@type\":\"ReadAction\",\"target\":[\"https:\/\/slickhaven.com\/en\/produkt\/slickhaven-scarecrow-with-a-beard-brush-grift-set\/\"]}]},{\"@type\":\"ImageObject\",\"inLanguage\":\"en-US\",\"@id\":\"https:\/\/slickhaven.com\/en\/produkt\/slickhaven-scarecrow-with-a-beard-brush-grift-set\/#primaryimage\",\"url\":\"https:\/\/slickhaven.com\/wp-content\/uploads\/2025\/01\/16.png\",\"contentUrl\":\"https:\/\/slickhaven.com\/wp-content\/uploads\/2025\/01\/16.png\",\"width\":1080,\"height\":1080},{\"@type\":\"BreadcrumbList\",\"@id\":\"https:\/\/slickhaven.com\/en\/produkt\/slickhaven-scarecrow-with-a-beard-brush-grift-set\/#breadcrumb\",\"itemListElement\":[{\"@type\":\"ListItem\",\"position\":1,\"name\":\"Shop\",\"item\":\"https:\/\/slickhaven.com\/en\/shop\/\"},{\"@type\":\"ListItem\",\"position\":2,\"name\":\"Slickhaven Scarecrow with a beard brushgift set\"}]},{\"@type\":\"WebSite\",\"@id\":\"https:\/\/slickhaven.com\/#website\",\"url\":\"https:\/\/slickhaven.com\/\",\"name\":\"Slickhaven\",\"description\":\"Producent kosmetyk\u00f3w dla m\u0119\u017cczyzn\",\"potentialAction\":[{\"@type\":\"SearchAction\",\"target\":{\"@type\":\"EntryPoint\",\"urlTemplate\":\"https:\/\/slickhaven.com\/?s={search_term_string}\"},\"query-input\":{\"@type\":\"PropertyValueSpecification\",\"valueRequired\":true,\"valueName\":\"search_term_string\"}}],\"inLanguage\":\"en-US\"}]}<\/script>\n<!-- \/ Yoast SEO plugin. -->","yoast_head_json":{"title":"Slickhaven Scarecrow with a beard brushgift set - Slickhaven","robots":{"index":"index","follow":"follow","max-snippet":"max-snippet:-1","max-image-preview":"max-image-preview:large","max-video-preview":"max-video-preview:-1"},"canonical":"https:\/\/slickhaven.com\/en\/produkt\/slickhaven-scarecrow-with-a-beard-brush-grift-set\/","og_locale":"en_US","og_type":"article","og_title":"Slickhaven Scarecrow with a beard brushgift set - Slickhaven","og_description":"Scarecrow with a Beard Brush gift set is a perfect gift for a bearded man. Scarecrow balm, with a fresh scent of hay, juniper, and birch, nourishes the beard and skin, providing a natural look without a greasy feel. Paired with the brush, it&#8217;s a reliable duo for daily grooming. Set includes Beard Balm Scarecrow [&hellip;]","og_url":"https:\/\/slickhaven.com\/en\/produkt\/slickhaven-scarecrow-with-a-beard-brush-grift-set\/","og_site_name":"Slickhaven","article_modified_time":"2025-02-27T13:04:35+00:00","og_image":[{"width":1080,"height":1080,"url":"https:\/\/slickhaven.com\/wp-content\/uploads\/2025\/01\/16.png","type":"image\/png"}],"twitter_card":"summary_large_image","twitter_misc":{"Est. reading time":"3 minutes"},"schema":{"@context":"https:\/\/schema.org","@graph":[{"@type":"WebPage","@id":"https:\/\/slickhaven.com\/en\/produkt\/slickhaven-scarecrow-with-a-beard-brush-grift-set\/","url":"https:\/\/slickhaven.com\/en\/produkt\/slickhaven-scarecrow-with-a-beard-brush-grift-set\/","name":"Slickhaven Scarecrow with a beard brush gift set - Slickhaven","isPartOf":{"@id":"https:\/\/slickhaven.com\/#website"},"primaryImageOfPage":{"@id":"https:\/\/slickhaven.com\/en\/produkt\/slickhaven-scarecrow-with-a-beard-brush-grift-set\/#primaryimage"},"image":{"@id":"https:\/\/slickhaven.com\/en\/produkt\/slickhaven-scarecrow-with-a-beard-brush-grift-set\/#primaryimage"},"thumbnailUrl":"https:\/\/slickhaven.com\/wp-content\/uploads\/2025\/01\/16.png","datePublished":"2025-01-30T11:10:20+00:00","dateModified":"2025-02-27T13:04:35+00:00","breadcrumb":{"@id":"https:\/\/slickhaven.com\/en\/produkt\/slickhaven-scarecrow-with-a-beard-brush-grift-set\/#breadcrumb"},"inLanguage":"en-US","potentialAction":[{"@type":"ReadAction","target":["https:\/\/slickhaven.com\/en\/produkt\/slickhaven-scarecrow-with-a-beard-brush-grift-set\/"]}]},{"@type":"ImageObject","inLanguage":"en-US","@id":"https:\/\/slickhaven.com\/en\/produkt\/slickhaven-scarecrow-with-a-beard-brush-grift-set\/#primaryimage","url":"https:\/\/slickhaven.com\/wp-content\/uploads\/2025\/01\/16.png","contentUrl":"https:\/\/slickhaven.com\/wp-content\/uploads\/2025\/01\/16.png","width":1080,"height":1080},{"@type":"BreadcrumbList","@id":"https:\/\/slickhaven.com\/en\/produkt\/slickhaven-scarecrow-with-a-beard-brush-grift-set\/#breadcrumb","itemListElement":[{"@type":"ListItem","position":1,"name":"Shop","item":"https:\/\/slickhaven.com\/en\/shop\/"},{"@type":"ListItem","position":2,"name":"Slickhaven Scarecrow with a beard brushgift set"}]},{"@type":"WebSite","@id":"https:\/\/slickhaven.com\/#website","url":"https:\/\/slickhaven.com\/","name":"Slickhaven","description":"Producent kosmetyk\u00f3w dla m\u0119\u017cczyzn","potentialAction":[{"@type":"SearchAction","target":{"@type":"EntryPoint","urlTemplate":"https:\/\/slickhaven.com\/?s={search_term_string}"},"query-input":{"@type":"PropertyValueSpecification","valueRequired":true,"valueName":"search_term_string"}}],"inLanguage":"en-US"}]}},"_links":{"self":[{"href":"https:\/\/slickhaven.com\/en\/wp-json\/wp\/v2\/product\/1869","targetHints":{"allow":["GET"]}}],"collection":[{"href":"https:\/\/slickhaven.com\/en\/wp-json\/wp\/v2\/product"}],"about":[{"href":"https:\/\/slickhaven.com\/en\/wp-json\/wp\/v2\/types\/product"}],"replies":[{"embeddable":true,"href":"https:\/\/slickhaven.com\/en\/wp-json\/wp\/v2\/comments?post=1869"}],"wp:featuredmedia":[{"embeddable":true,"href":"https:\/\/slickhaven.com\/en\/wp-json\/wp\/v2\/media\/1862"}],"wp:attachment":[{"href":"https:\/\/slickhaven.com\/en\/wp-json\/wp\/v2\/media?parent=1869"}],"wp:term":[{"taxonomy":"product_brand","embeddable":true,"href":"https:\/\/slickhaven.com\/en\/wp-json\/wp\/v2\/product_brand?post=1869"},{"taxonomy":"product_cat","embeddable":true,"href":"https:\/\/slickhaven.com\/en\/wp-json\/wp\/v2\/product_cat?post=1869"},{"taxonomy":"product_tag","embeddable":true,"href":"https:\/\/slickhaven.com\/en\/wp-json\/wp\/v2\/product_tag?post=1869"}],"curies":[{"name":"wp","href":"https:\/\/api.w.org\/{rel}","templated":true}]}}