{"id":1871,"date":"2025-01-30T11:58:49","date_gmt":"2025-01-30T10:58:49","guid":{"rendered":"http:\/\/tmp.slickhaven.com\/produkt\/slickhaven-pomades-gift-set\/"},"modified":"2025-02-11T12:14:36","modified_gmt":"2025-02-11T11:14:36","slug":"slickhaven-pomades-gift-set","status":"publish","type":"product","link":"https:\/\/slickhaven.com\/en\/produkt\/slickhaven-pomades-gift-set\/","title":{"rendered":"<b>Slickhaven Pomades <\/b> &#8211; gift set"},"content":{"rendered":"<p>A set of two matte hair pomades based on clay. Gravedigger delights with its intense earthy-herbal aroma, while Elemental Alchemist stands out with a lighter, herbal-citrus blend. Both pomades provide strong hold, high texture, and a matte finish \u2013 without any shine.<\/p>\n<h3><strong>Set includes<\/strong><\/h3>\n<p>Hair pomade Gravedigger 60 ml<br \/>\nHair pomade Elemental Alchemist 60 ml<\/p>\n<h3><strong>Gravedigger fragrance structure:<\/strong><\/h3>\n<p><img loading=\"lazy\" decoding=\"async\" class=\"alignnone size-full wp-image-156\" src=\"https:\/\/slickhaven.com\/wp-content\/uploads\/\" alt=\"\" width=\"30\" height=\"30\" \/> Top: Bergamot, Grapefruit<\/p>\n<p><picture><source srcset=\"https:\/\/slickhaven.com\/wp-content\/uploads\/2020\/07\/srodek.webp\" type=\"image\/webp\"><img loading=\"lazy\" decoding=\"async\" class=\"alignnone size-medium wp-image-155 webpexpress-processed\" src=\"https:\/\/slickhaven.com\/wp-content\/uploads\/2020\/07\/srodek.png\" alt=\"\" width=\"30\" height=\"30\"><\/picture> Middle: Sage, Wormwood, Black Pepper<\/p>\n<p><picture><source srcset=\"https:\/\/slickhaven.com\/wp-content\/uploads\/2020\/09\/baza.webp\" type=\"image\/webp\"><img loading=\"lazy\" decoding=\"async\" class=\"alignnone size-full wp-image-157 webpexpress-processed\" src=\"https:\/\/slickhaven.com\/wp-content\/uploads\/2020\/09\/baza.png\" alt=\"\" width=\"30\" height=\"30\"><\/picture> Base: Vetiver, Patchouli, Oak Moss, Cedar<\/p>\n<h3><strong>Elemental Alchemist fragrance structure:<\/strong><\/h3>\n<p><img loading=\"lazy\" decoding=\"async\" class=\"alignnone size-full wp-image-156\" src=\"https:\/\/slickhaven.com\/wp-content\/uploads\/\" alt=\"\" width=\"30\" height=\"30\" \/> Top: Galbanum, Bergamot, Lemon<\/p>\n<p><picture><source srcset=\"https:\/\/slickhaven.com\/wp-content\/uploads\/2020\/07\/srodek.webp\" type=\"image\/webp\"><img loading=\"lazy\" decoding=\"async\" class=\"alignnone size-medium wp-image-155 webpexpress-processed\" src=\"https:\/\/slickhaven.com\/wp-content\/uploads\/2020\/07\/srodek.png\" alt=\"\" width=\"30\" height=\"30\"><\/picture> Middle: Rosemary, Sage, Nettle, Lavender, Geranium<\/p>\n<p><picture><source srcset=\"https:\/\/slickhaven.com\/wp-content\/uploads\/2020\/09\/baza.webp\" type=\"image\/webp\"><img loading=\"lazy\" decoding=\"async\" class=\"alignnone size-full wp-image-157 webpexpress-processed\" src=\"https:\/\/slickhaven.com\/wp-content\/uploads\/2020\/09\/baza.png\" alt=\"\" width=\"30\" height=\"30\"><\/picture> Base: Cedar, Sandalwood, Patchouli, Oak moss, Benzoin<\/p>\n<h3><strong>Main characteristics:<\/strong><\/h3>\n<ul>\n<li>Hair clay with high hold and matte finish<\/li>\n<li>High volume and high texture<\/li>\n<li>Easily washable water-based pomade<\/li>\n<\/ul>\n","protected":false},"excerpt":{"rendered":"<p>A set of two matte hair pomades based on clay. Gravedigger delights with its intense earthy-herbal aroma, while Elemental Alchemist stands out with a lighter, herbal-citrus blend. Both pomades provide strong hold, high texture, and a matte finish \u2013 without any shine. Set includes Hair pomade Gravedigger 60 ml Hair pomade Elemental Alchemist 60 ml [&hellip;]<\/p>\n","protected":false},"featured_media":1856,"comment_status":"open","ping_status":"closed","template":"","meta":{"_acf_changed":false},"product_brand":[],"product_cat":[117],"product_tag":[],"class_list":{"0":"post-1871","1":"product","2":"type-product","3":"status-publish","4":"has-post-thumbnail","6":"product_cat-sets","8":"first","9":"instock","10":"sale","11":"shipping-taxable","12":"purchasable","13":"product-type-simple"},"acf":[],"yoast_head":"<!-- This site is optimized with the Yoast SEO plugin v24.5 - https:\/\/yoast.com\/wordpress\/plugins\/seo\/ -->\n<title>Slickhaven Pomades  - gift set - Slickhaven<\/title>\n<meta name=\"robots\" content=\"index, follow, max-snippet:-1, max-image-preview:large, max-video-preview:-1\" \/>\n<link rel=\"canonical\" href=\"https:\/\/slickhaven.com\/en\/produkt\/slickhaven-pomades-gift-set\/\" \/>\n<meta property=\"og:locale\" content=\"en_US\" \/>\n<meta property=\"og:type\" content=\"article\" \/>\n<meta property=\"og:title\" content=\"Slickhaven Pomades  - gift set - Slickhaven\" \/>\n<meta property=\"og:description\" content=\"A set of two matte hair pomades based on clay. Gravedigger delights with its intense earthy-herbal aroma, while Elemental Alchemist stands out with a lighter, herbal-citrus blend. Both pomades provide strong hold, high texture, and a matte finish \u2013 without any shine. Set includes Hair pomade Gravedigger 60 ml Hair pomade Elemental Alchemist 60 ml [&hellip;]\" \/>\n<meta property=\"og:url\" content=\"https:\/\/slickhaven.com\/en\/produkt\/slickhaven-pomades-gift-set\/\" \/>\n<meta property=\"og:site_name\" content=\"Slickhaven\" \/>\n<meta property=\"article:modified_time\" content=\"2025-02-11T11:14:36+00:00\" \/>\n<meta property=\"og:image\" content=\"https:\/\/slickhaven.com\/wp-content\/uploads\/2025\/01\/13.png\" \/>\n\t<meta property=\"og:image:width\" content=\"1080\" \/>\n\t<meta property=\"og:image:height\" content=\"1080\" \/>\n\t<meta property=\"og:image:type\" content=\"image\/png\" \/>\n<meta name=\"twitter:card\" content=\"summary_large_image\" \/>\n<meta name=\"twitter:label1\" content=\"Est. reading time\" \/>\n\t<meta name=\"twitter:data1\" content=\"3 minutes\" \/>\n<script type=\"application\/ld+json\" class=\"yoast-schema-graph\">{\"@context\":\"https:\/\/schema.org\",\"@graph\":[{\"@type\":\"WebPage\",\"@id\":\"https:\/\/slickhaven.com\/en\/produkt\/slickhaven-pomades-gift-set\/\",\"url\":\"https:\/\/slickhaven.com\/en\/produkt\/slickhaven-pomades-gift-set\/\",\"name\":\"Slickhaven Pomades - gift set - Slickhaven\",\"isPartOf\":{\"@id\":\"https:\/\/slickhaven.com\/#website\"},\"primaryImageOfPage\":{\"@id\":\"https:\/\/slickhaven.com\/en\/produkt\/slickhaven-pomades-gift-set\/#primaryimage\"},\"image\":{\"@id\":\"https:\/\/slickhaven.com\/en\/produkt\/slickhaven-pomades-gift-set\/#primaryimage\"},\"thumbnailUrl\":\"https:\/\/slickhaven.com\/wp-content\/uploads\/2025\/01\/13.png\",\"datePublished\":\"2025-01-30T10:58:49+00:00\",\"dateModified\":\"2025-02-11T11:14:36+00:00\",\"breadcrumb\":{\"@id\":\"https:\/\/slickhaven.com\/en\/produkt\/slickhaven-pomades-gift-set\/#breadcrumb\"},\"inLanguage\":\"en-US\",\"potentialAction\":[{\"@type\":\"ReadAction\",\"target\":[\"https:\/\/slickhaven.com\/en\/produkt\/slickhaven-pomades-gift-set\/\"]}]},{\"@type\":\"ImageObject\",\"inLanguage\":\"en-US\",\"@id\":\"https:\/\/slickhaven.com\/en\/produkt\/slickhaven-pomades-gift-set\/#primaryimage\",\"url\":\"https:\/\/slickhaven.com\/wp-content\/uploads\/2025\/01\/13.png\",\"contentUrl\":\"https:\/\/slickhaven.com\/wp-content\/uploads\/2025\/01\/13.png\",\"width\":1080,\"height\":1080},{\"@type\":\"BreadcrumbList\",\"@id\":\"https:\/\/slickhaven.com\/en\/produkt\/slickhaven-pomades-gift-set\/#breadcrumb\",\"itemListElement\":[{\"@type\":\"ListItem\",\"position\":1,\"name\":\"Shop\",\"item\":\"https:\/\/slickhaven.com\/en\/shop\/\"},{\"@type\":\"ListItem\",\"position\":2,\"name\":\"Slickhaven Pomades &#8211; gift set\"}]},{\"@type\":\"WebSite\",\"@id\":\"https:\/\/slickhaven.com\/#website\",\"url\":\"https:\/\/slickhaven.com\/\",\"name\":\"Slickhaven\",\"description\":\"Producent kosmetyk\u00f3w dla m\u0119\u017cczyzn\",\"potentialAction\":[{\"@type\":\"SearchAction\",\"target\":{\"@type\":\"EntryPoint\",\"urlTemplate\":\"https:\/\/slickhaven.com\/?s={search_term_string}\"},\"query-input\":{\"@type\":\"PropertyValueSpecification\",\"valueRequired\":true,\"valueName\":\"search_term_string\"}}],\"inLanguage\":\"en-US\"}]}<\/script>\n<!-- \/ Yoast SEO plugin. -->","yoast_head_json":{"title":"Slickhaven Pomades  - gift set - Slickhaven","robots":{"index":"index","follow":"follow","max-snippet":"max-snippet:-1","max-image-preview":"max-image-preview:large","max-video-preview":"max-video-preview:-1"},"canonical":"https:\/\/slickhaven.com\/en\/produkt\/slickhaven-pomades-gift-set\/","og_locale":"en_US","og_type":"article","og_title":"Slickhaven Pomades  - gift set - Slickhaven","og_description":"A set of two matte hair pomades based on clay. Gravedigger delights with its intense earthy-herbal aroma, while Elemental Alchemist stands out with a lighter, herbal-citrus blend. Both pomades provide strong hold, high texture, and a matte finish \u2013 without any shine. Set includes Hair pomade Gravedigger 60 ml Hair pomade Elemental Alchemist 60 ml [&hellip;]","og_url":"https:\/\/slickhaven.com\/en\/produkt\/slickhaven-pomades-gift-set\/","og_site_name":"Slickhaven","article_modified_time":"2025-02-11T11:14:36+00:00","og_image":[{"width":1080,"height":1080,"url":"https:\/\/slickhaven.com\/wp-content\/uploads\/2025\/01\/13.png","type":"image\/png"}],"twitter_card":"summary_large_image","twitter_misc":{"Est. reading time":"3 minutes"},"schema":{"@context":"https:\/\/schema.org","@graph":[{"@type":"WebPage","@id":"https:\/\/slickhaven.com\/en\/produkt\/slickhaven-pomades-gift-set\/","url":"https:\/\/slickhaven.com\/en\/produkt\/slickhaven-pomades-gift-set\/","name":"Slickhaven Pomades - gift set - Slickhaven","isPartOf":{"@id":"https:\/\/slickhaven.com\/#website"},"primaryImageOfPage":{"@id":"https:\/\/slickhaven.com\/en\/produkt\/slickhaven-pomades-gift-set\/#primaryimage"},"image":{"@id":"https:\/\/slickhaven.com\/en\/produkt\/slickhaven-pomades-gift-set\/#primaryimage"},"thumbnailUrl":"https:\/\/slickhaven.com\/wp-content\/uploads\/2025\/01\/13.png","datePublished":"2025-01-30T10:58:49+00:00","dateModified":"2025-02-11T11:14:36+00:00","breadcrumb":{"@id":"https:\/\/slickhaven.com\/en\/produkt\/slickhaven-pomades-gift-set\/#breadcrumb"},"inLanguage":"en-US","potentialAction":[{"@type":"ReadAction","target":["https:\/\/slickhaven.com\/en\/produkt\/slickhaven-pomades-gift-set\/"]}]},{"@type":"ImageObject","inLanguage":"en-US","@id":"https:\/\/slickhaven.com\/en\/produkt\/slickhaven-pomades-gift-set\/#primaryimage","url":"https:\/\/slickhaven.com\/wp-content\/uploads\/2025\/01\/13.png","contentUrl":"https:\/\/slickhaven.com\/wp-content\/uploads\/2025\/01\/13.png","width":1080,"height":1080},{"@type":"BreadcrumbList","@id":"https:\/\/slickhaven.com\/en\/produkt\/slickhaven-pomades-gift-set\/#breadcrumb","itemListElement":[{"@type":"ListItem","position":1,"name":"Shop","item":"https:\/\/slickhaven.com\/en\/shop\/"},{"@type":"ListItem","position":2,"name":"Slickhaven Pomades &#8211; gift set"}]},{"@type":"WebSite","@id":"https:\/\/slickhaven.com\/#website","url":"https:\/\/slickhaven.com\/","name":"Slickhaven","description":"Producent kosmetyk\u00f3w dla m\u0119\u017cczyzn","potentialAction":[{"@type":"SearchAction","target":{"@type":"EntryPoint","urlTemplate":"https:\/\/slickhaven.com\/?s={search_term_string}"},"query-input":{"@type":"PropertyValueSpecification","valueRequired":true,"valueName":"search_term_string"}}],"inLanguage":"en-US"}]}},"_links":{"self":[{"href":"https:\/\/slickhaven.com\/en\/wp-json\/wp\/v2\/product\/1871","targetHints":{"allow":["GET"]}}],"collection":[{"href":"https:\/\/slickhaven.com\/en\/wp-json\/wp\/v2\/product"}],"about":[{"href":"https:\/\/slickhaven.com\/en\/wp-json\/wp\/v2\/types\/product"}],"replies":[{"embeddable":true,"href":"https:\/\/slickhaven.com\/en\/wp-json\/wp\/v2\/comments?post=1871"}],"wp:featuredmedia":[{"embeddable":true,"href":"https:\/\/slickhaven.com\/en\/wp-json\/wp\/v2\/media\/1856"}],"wp:attachment":[{"href":"https:\/\/slickhaven.com\/en\/wp-json\/wp\/v2\/media?parent=1871"}],"wp:term":[{"taxonomy":"product_brand","embeddable":true,"href":"https:\/\/slickhaven.com\/en\/wp-json\/wp\/v2\/product_brand?post=1871"},{"taxonomy":"product_cat","embeddable":true,"href":"https:\/\/slickhaven.com\/en\/wp-json\/wp\/v2\/product_cat?post=1871"},{"taxonomy":"product_tag","embeddable":true,"href":"https:\/\/slickhaven.com\/en\/wp-json\/wp\/v2\/product_tag?post=1871"}],"curies":[{"name":"wp","href":"https:\/\/api.w.org\/{rel}","templated":true}]}}