{"id":1888,"date":"2024-05-12T22:41:28","date_gmt":"2024-05-12T20:41:28","guid":{"rendered":"http:\/\/tmp.slickhaven.com\/produkt\/slickhaven-shifty-beggar-hair-pomade-60ml\/"},"modified":"2025-02-18T16:12:31","modified_gmt":"2025-02-18T15:12:31","slug":"slickhaven-shifty-beggar-hair-pomade-60ml","status":"publish","type":"product","link":"https:\/\/slickhaven.com\/en\/produkt\/slickhaven-shifty-beggar-hair-pomade-60ml\/","title":{"rendered":"<b>Slickhaven Shifty Beggar<\/b> &#8211; hair pomade 60ml"},"content":{"rendered":"<p>Shifty Beggar is a <strong>water-based pomade &#8211; gel type, but with the addition of bentonite clay<\/strong>, which helps it retain <strong>high texture and volume<\/strong>. This is what makes Beggar so <strong>universal and works well for many types of hairstyles<\/strong>. The sheen of our Beggar is moderate &#8211; slightly lower than most gel-type pomades, but certainly higher than the dry matte of most clays. You&#8217;ll get a crop with an aggressive, slightly shiny cut as well as a classic side part.   <\/p>\n<p>The fragrance composition of Shifty Beggar is far from poor. The elegant, <strong>fern-oriental <\/strong>blend is dominated by tart, fruity <strong>notes of pomegranate and blackcurrant, combined with a light, subtle lavender<\/strong>. With time, the more woody side of the fragrance emerges, thanks to the combination of cedar, oak and vetiver. Beggar&#8217;s volatile nature finally gives way to an oriental blend of sweet tonka and musk, with the seductive addition of amber and cashmere  <\/p>\n<h3>Fragrance structure:<\/h3>\n<p><img loading=\"lazy\" decoding=\"async\" class=\"alignnone size-full wp-image-156\" src=\"https:\/\/slickhaven.com\/wp-content\/uploads\/\" alt=\"\" width=\"30\" height=\"30\"> Top: Lavender, Anise, Pomegranate, Blackcurrant<\/p>\n<p><picture><source srcset=\"https:\/\/slickhaven.com\/wp-content\/uploads\/2020\/07\/srodek.webp\" type=\"image\/webp\"><img loading=\"lazy\" decoding=\"async\" class=\"alignnone size-medium wp-image-155 webpexpress-processed\" src=\"https:\/\/slickhaven.com\/wp-content\/uploads\/2020\/07\/srodek.png\" alt=\"\" width=\"30\" height=\"30\"><\/picture> Middle: Oak, Cedar, Vetiver, Jasmine<\/p>\n<p><picture><source srcset=\"https:\/\/slickhaven.com\/wp-content\/uploads\/2020\/09\/baza.webp\" type=\"image\/webp\"><img loading=\"lazy\" decoding=\"async\" class=\"alignnone size-full wp-image-157 webpexpress-processed\" src=\"https:\/\/slickhaven.com\/wp-content\/uploads\/2020\/09\/baza.png\" alt=\"\" width=\"30\" height=\"30\"><\/picture> Base: Tonka, Ambergris, Musk, Cashmere, Tobacco, Oak moss<\/p>\n<h3>Main characteristics:<\/h3>\n<ul>\n<li><span class=\"OYPEnA font-feature-liga-off font-feature-clig-off font-feature-calt-off text-decoration-none text-strikethrough-none\">Multi-purpose pomade with high hold and moderate shine<\/span><\/li>\n<li><span class=\"OYPEnA font-feature-liga-off font-feature-clig-off font-feature-calt-off text-decoration-none text-strikethrough-none\">Volume boost and high texture<\/span><\/li>\n<li><span class=\"OYPEnA font-feature-liga-off font-feature-clig-off font-feature-calt-off text-decoration-none text-strikethrough-none\">Easily washable water-based pomade<\/span><\/li>\n<\/ul>\n","protected":false},"excerpt":{"rendered":"<p>Shifty Beggar is a water-based pomade &#8211; gel type, but with the addition of bentonite clay, which helps it retain high texture and volume. This is what makes Beggar so universal and works well for many types of hairstyles. The sheen of our Beggar is moderate &#8211; slightly lower than most gel-type pomades, but certainly [&hellip;]<\/p>\n","protected":false},"featured_media":1645,"comment_status":"open","ping_status":"closed","template":"","meta":{"_acf_changed":false},"product_brand":[],"product_cat":[131,150],"product_tag":[],"class_list":{"0":"post-1888","1":"product","2":"type-product","3":"status-publish","4":"has-post-thumbnail","6":"product_cat-hair-pomades","7":"product_cat-shifty-beggar-en","8":"pa_pojemnosc-120ml-en","9":"pa_pojemnosc-60ml-en","10":"pa_polysk-moderate","11":"pa_zapach-fern-oriental","13":"first","14":"instock","15":"shipping-taxable","16":"purchasable","17":"product-type-simple"},"acf":[],"yoast_head":"<!-- This site is optimized with the Yoast SEO plugin v24.5 - https:\/\/yoast.com\/wordpress\/plugins\/seo\/ -->\n<title>Slickhaven Shifty Beggar - hair pomade 60ml - Slickhaven<\/title>\n<meta name=\"robots\" content=\"index, follow, max-snippet:-1, max-image-preview:large, max-video-preview:-1\" \/>\n<link rel=\"canonical\" href=\"https:\/\/slickhaven.com\/en\/produkt\/slickhaven-shifty-beggar-hair-pomade-60ml\/\" \/>\n<meta property=\"og:locale\" content=\"en_US\" \/>\n<meta property=\"og:type\" content=\"article\" \/>\n<meta property=\"og:title\" content=\"Slickhaven Shifty Beggar - hair pomade 60ml - Slickhaven\" \/>\n<meta property=\"og:description\" content=\"Shifty Beggar is a water-based pomade &#8211; gel type, but with the addition of bentonite clay, which helps it retain high texture and volume. This is what makes Beggar so universal and works well for many types of hairstyles. The sheen of our Beggar is moderate &#8211; slightly lower than most gel-type pomades, but certainly [&hellip;]\" \/>\n<meta property=\"og:url\" content=\"https:\/\/slickhaven.com\/en\/produkt\/slickhaven-shifty-beggar-hair-pomade-60ml\/\" \/>\n<meta property=\"og:site_name\" content=\"Slickhaven\" \/>\n<meta property=\"article:modified_time\" content=\"2025-02-18T15:12:31+00:00\" \/>\n<meta property=\"og:image\" content=\"https:\/\/slickhaven.com\/wp-content\/uploads\/2024\/05\/Slickhaven-Shifty-Beggar-pomada-do-wlosow-hr-1-PL.jpg\" \/>\n\t<meta property=\"og:image:width\" content=\"1000\" \/>\n\t<meta property=\"og:image:height\" content=\"1000\" \/>\n\t<meta property=\"og:image:type\" content=\"image\/jpeg\" \/>\n<meta name=\"twitter:card\" content=\"summary_large_image\" \/>\n<meta name=\"twitter:label1\" content=\"Est. reading time\" \/>\n\t<meta name=\"twitter:data1\" content=\"1 minute\" \/>\n<script type=\"application\/ld+json\" class=\"yoast-schema-graph\">{\"@context\":\"https:\/\/schema.org\",\"@graph\":[{\"@type\":\"WebPage\",\"@id\":\"https:\/\/slickhaven.com\/en\/produkt\/slickhaven-shifty-beggar-hair-pomade-60ml\/\",\"url\":\"https:\/\/slickhaven.com\/en\/produkt\/slickhaven-shifty-beggar-hair-pomade-60ml\/\",\"name\":\"Slickhaven Shifty Beggar - hair pomade 60ml - Slickhaven\",\"isPartOf\":{\"@id\":\"https:\/\/slickhaven.com\/#website\"},\"primaryImageOfPage\":{\"@id\":\"https:\/\/slickhaven.com\/en\/produkt\/slickhaven-shifty-beggar-hair-pomade-60ml\/#primaryimage\"},\"image\":{\"@id\":\"https:\/\/slickhaven.com\/en\/produkt\/slickhaven-shifty-beggar-hair-pomade-60ml\/#primaryimage\"},\"thumbnailUrl\":\"https:\/\/slickhaven.com\/wp-content\/uploads\/2024\/05\/Slickhaven-Shifty-Beggar-pomada-do-wlosow-hr-1-PL.jpg\",\"datePublished\":\"2024-05-12T20:41:28+00:00\",\"dateModified\":\"2025-02-18T15:12:31+00:00\",\"breadcrumb\":{\"@id\":\"https:\/\/slickhaven.com\/en\/produkt\/slickhaven-shifty-beggar-hair-pomade-60ml\/#breadcrumb\"},\"inLanguage\":\"en-US\",\"potentialAction\":[{\"@type\":\"ReadAction\",\"target\":[\"https:\/\/slickhaven.com\/en\/produkt\/slickhaven-shifty-beggar-hair-pomade-60ml\/\"]}]},{\"@type\":\"ImageObject\",\"inLanguage\":\"en-US\",\"@id\":\"https:\/\/slickhaven.com\/en\/produkt\/slickhaven-shifty-beggar-hair-pomade-60ml\/#primaryimage\",\"url\":\"https:\/\/slickhaven.com\/wp-content\/uploads\/2024\/05\/Slickhaven-Shifty-Beggar-pomada-do-wlosow-hr-1-PL.jpg\",\"contentUrl\":\"https:\/\/slickhaven.com\/wp-content\/uploads\/2024\/05\/Slickhaven-Shifty-Beggar-pomada-do-wlosow-hr-1-PL.jpg\",\"width\":1000,\"height\":1000},{\"@type\":\"BreadcrumbList\",\"@id\":\"https:\/\/slickhaven.com\/en\/produkt\/slickhaven-shifty-beggar-hair-pomade-60ml\/#breadcrumb\",\"itemListElement\":[{\"@type\":\"ListItem\",\"position\":1,\"name\":\"Shop\",\"item\":\"https:\/\/slickhaven.com\/en\/shop\/\"},{\"@type\":\"ListItem\",\"position\":2,\"name\":\"Slickhaven Shifty Beggar &#8211; hair pomade 60ml\"}]},{\"@type\":\"WebSite\",\"@id\":\"https:\/\/slickhaven.com\/#website\",\"url\":\"https:\/\/slickhaven.com\/\",\"name\":\"Slickhaven\",\"description\":\"Producent kosmetyk\u00f3w dla m\u0119\u017cczyzn\",\"potentialAction\":[{\"@type\":\"SearchAction\",\"target\":{\"@type\":\"EntryPoint\",\"urlTemplate\":\"https:\/\/slickhaven.com\/?s={search_term_string}\"},\"query-input\":{\"@type\":\"PropertyValueSpecification\",\"valueRequired\":true,\"valueName\":\"search_term_string\"}}],\"inLanguage\":\"en-US\"}]}<\/script>\n<!-- \/ Yoast SEO plugin. -->","yoast_head_json":{"title":"Slickhaven Shifty Beggar - hair pomade 60ml - Slickhaven","robots":{"index":"index","follow":"follow","max-snippet":"max-snippet:-1","max-image-preview":"max-image-preview:large","max-video-preview":"max-video-preview:-1"},"canonical":"https:\/\/slickhaven.com\/en\/produkt\/slickhaven-shifty-beggar-hair-pomade-60ml\/","og_locale":"en_US","og_type":"article","og_title":"Slickhaven Shifty Beggar - hair pomade 60ml - Slickhaven","og_description":"Shifty Beggar is a water-based pomade &#8211; gel type, but with the addition of bentonite clay, which helps it retain high texture and volume. This is what makes Beggar so universal and works well for many types of hairstyles. The sheen of our Beggar is moderate &#8211; slightly lower than most gel-type pomades, but certainly [&hellip;]","og_url":"https:\/\/slickhaven.com\/en\/produkt\/slickhaven-shifty-beggar-hair-pomade-60ml\/","og_site_name":"Slickhaven","article_modified_time":"2025-02-18T15:12:31+00:00","og_image":[{"width":1000,"height":1000,"url":"https:\/\/slickhaven.com\/wp-content\/uploads\/2024\/05\/Slickhaven-Shifty-Beggar-pomada-do-wlosow-hr-1-PL.jpg","type":"image\/jpeg"}],"twitter_card":"summary_large_image","twitter_misc":{"Est. reading time":"1 minute"},"schema":{"@context":"https:\/\/schema.org","@graph":[{"@type":"WebPage","@id":"https:\/\/slickhaven.com\/en\/produkt\/slickhaven-shifty-beggar-hair-pomade-60ml\/","url":"https:\/\/slickhaven.com\/en\/produkt\/slickhaven-shifty-beggar-hair-pomade-60ml\/","name":"Slickhaven Shifty Beggar - hair pomade 60ml - Slickhaven","isPartOf":{"@id":"https:\/\/slickhaven.com\/#website"},"primaryImageOfPage":{"@id":"https:\/\/slickhaven.com\/en\/produkt\/slickhaven-shifty-beggar-hair-pomade-60ml\/#primaryimage"},"image":{"@id":"https:\/\/slickhaven.com\/en\/produkt\/slickhaven-shifty-beggar-hair-pomade-60ml\/#primaryimage"},"thumbnailUrl":"https:\/\/slickhaven.com\/wp-content\/uploads\/2024\/05\/Slickhaven-Shifty-Beggar-pomada-do-wlosow-hr-1-PL.jpg","datePublished":"2024-05-12T20:41:28+00:00","dateModified":"2025-02-18T15:12:31+00:00","breadcrumb":{"@id":"https:\/\/slickhaven.com\/en\/produkt\/slickhaven-shifty-beggar-hair-pomade-60ml\/#breadcrumb"},"inLanguage":"en-US","potentialAction":[{"@type":"ReadAction","target":["https:\/\/slickhaven.com\/en\/produkt\/slickhaven-shifty-beggar-hair-pomade-60ml\/"]}]},{"@type":"ImageObject","inLanguage":"en-US","@id":"https:\/\/slickhaven.com\/en\/produkt\/slickhaven-shifty-beggar-hair-pomade-60ml\/#primaryimage","url":"https:\/\/slickhaven.com\/wp-content\/uploads\/2024\/05\/Slickhaven-Shifty-Beggar-pomada-do-wlosow-hr-1-PL.jpg","contentUrl":"https:\/\/slickhaven.com\/wp-content\/uploads\/2024\/05\/Slickhaven-Shifty-Beggar-pomada-do-wlosow-hr-1-PL.jpg","width":1000,"height":1000},{"@type":"BreadcrumbList","@id":"https:\/\/slickhaven.com\/en\/produkt\/slickhaven-shifty-beggar-hair-pomade-60ml\/#breadcrumb","itemListElement":[{"@type":"ListItem","position":1,"name":"Shop","item":"https:\/\/slickhaven.com\/en\/shop\/"},{"@type":"ListItem","position":2,"name":"Slickhaven Shifty Beggar &#8211; hair pomade 60ml"}]},{"@type":"WebSite","@id":"https:\/\/slickhaven.com\/#website","url":"https:\/\/slickhaven.com\/","name":"Slickhaven","description":"Producent kosmetyk\u00f3w dla m\u0119\u017cczyzn","potentialAction":[{"@type":"SearchAction","target":{"@type":"EntryPoint","urlTemplate":"https:\/\/slickhaven.com\/?s={search_term_string}"},"query-input":{"@type":"PropertyValueSpecification","valueRequired":true,"valueName":"search_term_string"}}],"inLanguage":"en-US"}]}},"_links":{"self":[{"href":"https:\/\/slickhaven.com\/en\/wp-json\/wp\/v2\/product\/1888","targetHints":{"allow":["GET"]}}],"collection":[{"href":"https:\/\/slickhaven.com\/en\/wp-json\/wp\/v2\/product"}],"about":[{"href":"https:\/\/slickhaven.com\/en\/wp-json\/wp\/v2\/types\/product"}],"replies":[{"embeddable":true,"href":"https:\/\/slickhaven.com\/en\/wp-json\/wp\/v2\/comments?post=1888"}],"wp:featuredmedia":[{"embeddable":true,"href":"https:\/\/slickhaven.com\/en\/wp-json\/wp\/v2\/media\/1645"}],"wp:attachment":[{"href":"https:\/\/slickhaven.com\/en\/wp-json\/wp\/v2\/media?parent=1888"}],"wp:term":[{"taxonomy":"product_brand","embeddable":true,"href":"https:\/\/slickhaven.com\/en\/wp-json\/wp\/v2\/product_brand?post=1888"},{"taxonomy":"product_cat","embeddable":true,"href":"https:\/\/slickhaven.com\/en\/wp-json\/wp\/v2\/product_cat?post=1888"},{"taxonomy":"product_tag","embeddable":true,"href":"https:\/\/slickhaven.com\/en\/wp-json\/wp\/v2\/product_tag?post=1888"}],"curies":[{"name":"wp","href":"https:\/\/api.w.org\/{rel}","templated":true}]}}