{"id":1896,"date":"2024-02-27T19:45:24","date_gmt":"2024-02-27T18:45:24","guid":{"rendered":"http:\/\/tmp.slickhaven.com\/produkt\/slickhaven-dimmed-torch-inn-set\/"},"modified":"2025-02-18T16:17:20","modified_gmt":"2025-02-18T15:17:20","slug":"slickhaven-dimmed-torch-inn-set","status":"publish","type":"product","link":"https:\/\/slickhaven.com\/en\/produkt\/slickhaven-dimmed-torch-inn-set\/","title":{"rendered":"<b>Slickhaven Dimmed Torch Inn<\/b> &#8211; set"},"content":{"rendered":"<p>Dimmed Torch Inn, located just below the castle walls, has earned a loyal following among the royal guard and numerous couriers from the court. Here, you&#8217;ll hear the latest reports from the world and the most intriguing news from the castle. Upon entering, your eyes are immediately drawn to the vast cedarwood tables, the walls adorned with raw hides and hunting trophies, while your nose is filled with the penetrating aroma of a blend of tobaccos from the farthest corners of the world. The tavern is ruled by strong, high-proof spirits with pronounced <strong>smoky notes<\/strong>, alongside <strong>light floral <\/strong>tinctures for those preparing for an all-night watch.   <\/p>\n<p>At the Dimmed Torch Inn, you&#8217;ll find a 30ml bottle of <strong>Bloody Monarch<\/strong> beard oil and a 10ml bottle of <strong>White Lady<\/strong> beard oil. Completing the set is a <strong>beard brush<\/strong> crafted from locally sourced beech wood and natural boar bristles by Slickhavens butcher. With this, you&#8217;ll take even better care of your beard and, as you distribute the oils, you&#8217;ll be reminded of our royal couple.  <\/p>\n<h3><strong>Set includes:<\/strong><\/h3>\n<p>Beard Oil Bloody Monarch 30ml<br \/>\nBeard Oil White Lady 10ml<br \/>\nSlickhaven Beard Brush<\/p>\n","protected":false},"excerpt":{"rendered":"<p>Dimmed Torch Inn, located just below the castle walls, has earned a loyal following among the royal guard and numerous couriers from the court. Here, you&#8217;ll hear the latest reports from the world and the most intriguing news from the castle. Upon entering, your eyes are immediately drawn to the vast cedarwood tables, the walls [&hellip;]<\/p>\n","protected":false},"featured_media":1791,"comment_status":"open","ping_status":"closed","template":"","meta":{"_acf_changed":false},"product_brand":[],"product_cat":[117],"product_tag":[],"class_list":{"0":"post-1896","1":"product","2":"type-product","3":"status-publish","4":"has-post-thumbnail","6":"product_cat-sets","8":"first","9":"instock","10":"shipping-taxable","11":"purchasable","12":"product-type-simple"},"acf":[],"yoast_head":"<!-- This site is optimized with the Yoast SEO plugin v24.5 - https:\/\/yoast.com\/wordpress\/plugins\/seo\/ -->\n<title>Slickhaven Dimmed Torch Inn - set - Slickhaven<\/title>\n<meta name=\"robots\" content=\"index, follow, max-snippet:-1, max-image-preview:large, max-video-preview:-1\" \/>\n<link rel=\"canonical\" href=\"https:\/\/slickhaven.com\/produkt\/slickhaven-dimmed-torch-inn-zestaw-kosmetykow\/\" \/>\n<meta property=\"og:locale\" content=\"en_US\" \/>\n<meta property=\"og:type\" content=\"article\" \/>\n<meta property=\"og:title\" content=\"Slickhaven Dimmed Torch Inn - set - Slickhaven\" \/>\n<meta property=\"og:description\" content=\"Dimmed Torch Inn, located just below the castle walls, has earned a loyal following among the royal guard and numerous couriers from the court. Here, you&#8217;ll hear the latest reports from the world and the most intriguing news from the castle. Upon entering, your eyes are immediately drawn to the vast cedarwood tables, the walls [&hellip;]\" \/>\n<meta property=\"og:url\" content=\"https:\/\/slickhaven.com\/produkt\/slickhaven-dimmed-torch-inn-zestaw-kosmetykow\/\" \/>\n<meta property=\"og:site_name\" content=\"Slickhaven\" \/>\n<meta property=\"article:modified_time\" content=\"2025-02-18T15:17:20+00:00\" \/>\n<meta property=\"og:image\" content=\"https:\/\/slickhaven.com\/wp-content\/uploads\/2024\/02\/1.jpg\" \/>\n\t<meta property=\"og:image:width\" content=\"1080\" \/>\n\t<meta property=\"og:image:height\" content=\"1080\" \/>\n\t<meta property=\"og:image:type\" content=\"image\/jpeg\" \/>\n<meta name=\"twitter:card\" content=\"summary_large_image\" \/>\n<meta name=\"twitter:label1\" content=\"Est. reading time\" \/>\n\t<meta name=\"twitter:data1\" content=\"1 minute\" \/>\n<script type=\"application\/ld+json\" class=\"yoast-schema-graph\">{\"@context\":\"https:\/\/schema.org\",\"@graph\":[{\"@type\":\"WebPage\",\"@id\":\"https:\/\/slickhaven.com\/produkt\/slickhaven-dimmed-torch-inn-zestaw-kosmetykow\/\",\"url\":\"https:\/\/slickhaven.com\/produkt\/slickhaven-dimmed-torch-inn-zestaw-kosmetykow\/\",\"name\":\"Slickhaven Dimmed Torch Inn - set - Slickhaven\",\"isPartOf\":{\"@id\":\"https:\/\/slickhaven.com\/#website\"},\"primaryImageOfPage\":{\"@id\":\"https:\/\/slickhaven.com\/produkt\/slickhaven-dimmed-torch-inn-zestaw-kosmetykow\/#primaryimage\"},\"image\":{\"@id\":\"https:\/\/slickhaven.com\/produkt\/slickhaven-dimmed-torch-inn-zestaw-kosmetykow\/#primaryimage\"},\"thumbnailUrl\":\"https:\/\/slickhaven.com\/wp-content\/uploads\/2024\/02\/1.jpg\",\"datePublished\":\"2024-02-27T18:45:24+00:00\",\"dateModified\":\"2025-02-18T15:17:20+00:00\",\"breadcrumb\":{\"@id\":\"https:\/\/slickhaven.com\/produkt\/slickhaven-dimmed-torch-inn-zestaw-kosmetykow\/#breadcrumb\"},\"inLanguage\":\"en-US\",\"potentialAction\":[{\"@type\":\"ReadAction\",\"target\":[\"https:\/\/slickhaven.com\/produkt\/slickhaven-dimmed-torch-inn-zestaw-kosmetykow\/\"]}]},{\"@type\":\"ImageObject\",\"inLanguage\":\"en-US\",\"@id\":\"https:\/\/slickhaven.com\/produkt\/slickhaven-dimmed-torch-inn-zestaw-kosmetykow\/#primaryimage\",\"url\":\"https:\/\/slickhaven.com\/wp-content\/uploads\/2024\/02\/1.jpg\",\"contentUrl\":\"https:\/\/slickhaven.com\/wp-content\/uploads\/2024\/02\/1.jpg\",\"width\":1080,\"height\":1080},{\"@type\":\"BreadcrumbList\",\"@id\":\"https:\/\/slickhaven.com\/produkt\/slickhaven-dimmed-torch-inn-zestaw-kosmetykow\/#breadcrumb\",\"itemListElement\":[{\"@type\":\"ListItem\",\"position\":1,\"name\":\"Shop\",\"item\":\"https:\/\/slickhaven.com\/en\/shop\/\"},{\"@type\":\"ListItem\",\"position\":2,\"name\":\"&lt;b&gt;Slickhaven Dimmed Torch Inn&lt;\/b&gt; &#8211; set\"}]},{\"@type\":\"WebSite\",\"@id\":\"https:\/\/slickhaven.com\/#website\",\"url\":\"https:\/\/slickhaven.com\/\",\"name\":\"Slickhaven\",\"description\":\"Producent kosmetyk\u00f3w dla m\u0119\u017cczyzn\",\"potentialAction\":[{\"@type\":\"SearchAction\",\"target\":{\"@type\":\"EntryPoint\",\"urlTemplate\":\"https:\/\/slickhaven.com\/?s={search_term_string}\"},\"query-input\":{\"@type\":\"PropertyValueSpecification\",\"valueRequired\":true,\"valueName\":\"search_term_string\"}}],\"inLanguage\":\"en-US\"}]}<\/script>\n<!-- \/ Yoast SEO plugin. -->","yoast_head_json":{"title":"Slickhaven Dimmed Torch Inn - set - Slickhaven","robots":{"index":"index","follow":"follow","max-snippet":"max-snippet:-1","max-image-preview":"max-image-preview:large","max-video-preview":"max-video-preview:-1"},"canonical":"https:\/\/slickhaven.com\/produkt\/slickhaven-dimmed-torch-inn-zestaw-kosmetykow\/","og_locale":"en_US","og_type":"article","og_title":"Slickhaven Dimmed Torch Inn - set - Slickhaven","og_description":"Dimmed Torch Inn, located just below the castle walls, has earned a loyal following among the royal guard and numerous couriers from the court. Here, you&#8217;ll hear the latest reports from the world and the most intriguing news from the castle. Upon entering, your eyes are immediately drawn to the vast cedarwood tables, the walls [&hellip;]","og_url":"https:\/\/slickhaven.com\/produkt\/slickhaven-dimmed-torch-inn-zestaw-kosmetykow\/","og_site_name":"Slickhaven","article_modified_time":"2025-02-18T15:17:20+00:00","og_image":[{"width":1080,"height":1080,"url":"https:\/\/slickhaven.com\/wp-content\/uploads\/2024\/02\/1.jpg","type":"image\/jpeg"}],"twitter_card":"summary_large_image","twitter_misc":{"Est. reading time":"1 minute"},"schema":{"@context":"https:\/\/schema.org","@graph":[{"@type":"WebPage","@id":"https:\/\/slickhaven.com\/produkt\/slickhaven-dimmed-torch-inn-zestaw-kosmetykow\/","url":"https:\/\/slickhaven.com\/produkt\/slickhaven-dimmed-torch-inn-zestaw-kosmetykow\/","name":"Slickhaven Dimmed Torch Inn - set - Slickhaven","isPartOf":{"@id":"https:\/\/slickhaven.com\/#website"},"primaryImageOfPage":{"@id":"https:\/\/slickhaven.com\/produkt\/slickhaven-dimmed-torch-inn-zestaw-kosmetykow\/#primaryimage"},"image":{"@id":"https:\/\/slickhaven.com\/produkt\/slickhaven-dimmed-torch-inn-zestaw-kosmetykow\/#primaryimage"},"thumbnailUrl":"https:\/\/slickhaven.com\/wp-content\/uploads\/2024\/02\/1.jpg","datePublished":"2024-02-27T18:45:24+00:00","dateModified":"2025-02-18T15:17:20+00:00","breadcrumb":{"@id":"https:\/\/slickhaven.com\/produkt\/slickhaven-dimmed-torch-inn-zestaw-kosmetykow\/#breadcrumb"},"inLanguage":"en-US","potentialAction":[{"@type":"ReadAction","target":["https:\/\/slickhaven.com\/produkt\/slickhaven-dimmed-torch-inn-zestaw-kosmetykow\/"]}]},{"@type":"ImageObject","inLanguage":"en-US","@id":"https:\/\/slickhaven.com\/produkt\/slickhaven-dimmed-torch-inn-zestaw-kosmetykow\/#primaryimage","url":"https:\/\/slickhaven.com\/wp-content\/uploads\/2024\/02\/1.jpg","contentUrl":"https:\/\/slickhaven.com\/wp-content\/uploads\/2024\/02\/1.jpg","width":1080,"height":1080},{"@type":"BreadcrumbList","@id":"https:\/\/slickhaven.com\/produkt\/slickhaven-dimmed-torch-inn-zestaw-kosmetykow\/#breadcrumb","itemListElement":[{"@type":"ListItem","position":1,"name":"Shop","item":"https:\/\/slickhaven.com\/en\/shop\/"},{"@type":"ListItem","position":2,"name":"&lt;b&gt;Slickhaven Dimmed Torch Inn&lt;\/b&gt; &#8211; set"}]},{"@type":"WebSite","@id":"https:\/\/slickhaven.com\/#website","url":"https:\/\/slickhaven.com\/","name":"Slickhaven","description":"Producent kosmetyk\u00f3w dla m\u0119\u017cczyzn","potentialAction":[{"@type":"SearchAction","target":{"@type":"EntryPoint","urlTemplate":"https:\/\/slickhaven.com\/?s={search_term_string}"},"query-input":{"@type":"PropertyValueSpecification","valueRequired":true,"valueName":"search_term_string"}}],"inLanguage":"en-US"}]}},"_links":{"self":[{"href":"https:\/\/slickhaven.com\/en\/wp-json\/wp\/v2\/product\/1896","targetHints":{"allow":["GET"]}}],"collection":[{"href":"https:\/\/slickhaven.com\/en\/wp-json\/wp\/v2\/product"}],"about":[{"href":"https:\/\/slickhaven.com\/en\/wp-json\/wp\/v2\/types\/product"}],"replies":[{"embeddable":true,"href":"https:\/\/slickhaven.com\/en\/wp-json\/wp\/v2\/comments?post=1896"}],"wp:featuredmedia":[{"embeddable":true,"href":"https:\/\/slickhaven.com\/en\/wp-json\/wp\/v2\/media\/1791"}],"wp:attachment":[{"href":"https:\/\/slickhaven.com\/en\/wp-json\/wp\/v2\/media?parent=1896"}],"wp:term":[{"taxonomy":"product_brand","embeddable":true,"href":"https:\/\/slickhaven.com\/en\/wp-json\/wp\/v2\/product_brand?post=1896"},{"taxonomy":"product_cat","embeddable":true,"href":"https:\/\/slickhaven.com\/en\/wp-json\/wp\/v2\/product_cat?post=1896"},{"taxonomy":"product_tag","embeddable":true,"href":"https:\/\/slickhaven.com\/en\/wp-json\/wp\/v2\/product_tag?post=1896"}],"curies":[{"name":"wp","href":"https:\/\/api.w.org\/{rel}","templated":true}]}}